{"id":84,"date":"2023-04-07T08:54:49","date_gmt":"2023-04-07T08:54:49","guid":{"rendered":"http:\/\/cpaboadilla.es\/?page_id=84"},"modified":"2023-11-29T23:11:30","modified_gmt":"2023-11-29T23:11:30","slug":"patinaje-artistico","status":"publish","type":"page","link":"https:\/\/cpaboadilla.es\/","title":{"rendered":"Inicio"},"content":{"rendered":"\t\t<div data-elementor-type=\"wp-page\" data-elementor-id=\"84\" class=\"elementor elementor-84\">\n\t\t\t\t\t\t\t\t\t<section class=\"elementor-section elementor-top-section elementor-element elementor-element-f47c20b elementor-section-boxed elementor-section-height-default elementor-section-height-default\" data-id=\"f47c20b\" data-element_type=\"section\">\n\t\t\t\t\t\t<div class=\"elementor-container elementor-column-gap-default\">\n\t\t\t\t\t<div class=\"elementor-column elementor-col-100 elementor-top-column elementor-element elementor-element-b8abc8f\" data-id=\"b8abc8f\" data-element_type=\"column\">\n\t\t\t<div class=\"elementor-widget-wrap elementor-element-populated\">\n\t\t\t\t\t\t\t\t<div class=\"elementor-element elementor-element-f101418 elementor-arrows-position-inside elementor-pagination-position-outside elementor-widget elementor-widget-image-carousel\" data-id=\"f101418\" data-element_type=\"widget\" data-settings=\"{&quot;slides_to_show&quot;:&quot;1&quot;,&quot;autoplay_speed&quot;:4000,&quot;navigation&quot;:&quot;both&quot;,&quot;autoplay&quot;:&quot;yes&quot;,&quot;pause_on_hover&quot;:&quot;yes&quot;,&quot;pause_on_interaction&quot;:&quot;yes&quot;,&quot;infinite&quot;:&quot;yes&quot;,&quot;effect&quot;:&quot;slide&quot;,&quot;speed&quot;:500}\" data-widget_type=\"image-carousel.default\">\n\t\t\t\t<div class=\"elementor-widget-container\">\n\t\t\t<style>\/*! elementor - v3.12.1 - 02-04-2023 *\/\n.elementor-widget-image-carousel .swiper,.elementor-widget-image-carousel .swiper-container{position:static}.elementor-widget-image-carousel .swiper-container .swiper-slide figure,.elementor-widget-image-carousel .swiper .swiper-slide figure{line-height:inherit}.elementor-widget-image-carousel .swiper-slide{text-align:center}.elementor-image-carousel-wrapper:not(.swiper-container-initialized) .swiper-slide,.elementor-image-carousel-wrapper:not(.swiper-initialized) .swiper-slide{max-width:calc(100% \/ var(--e-image-carousel-slides-to-show, 3))}<\/style>\t\t<div class=\"elementor-image-carousel-wrapper swiper\" dir=\"ltr\">\n\t\t\t<div class=\"elementor-image-carousel swiper-wrapper\">\n\t\t\t\t\t\t\t\t<div class=\"swiper-slide\"><figure class=\"swiper-slide-inner\"><img decoding=\"async\" class=\"swiper-slide-image\" src=\"https:\/\/cpaboadilla.es\/wp-content\/uploads\/2023\/04\/Imagen-Club-1024x537.png\" alt=\"Imagen Club\" \/><\/figure><\/div><div class=\"swiper-slide\"><figure class=\"swiper-slide-inner\"><img decoding=\"async\" class=\"swiper-slide-image\" src=\"https:\/\/cpaboadilla.es\/wp-content\/uploads\/2023\/03\/Captura-de-pantalla-2023-02-03-a-las-0.54.08-1024x1024.png\" alt=\"Captura de pantalla 2023-02-03 a las 0.54.08\" \/><\/figure><\/div><div class=\"swiper-slide\"><figure class=\"swiper-slide-inner\"><img decoding=\"async\" class=\"swiper-slide-image\" src=\"https:\/\/cpaboadilla.es\/wp-content\/uploads\/2023\/04\/Show.png\" alt=\"Show\" \/><\/figure><\/div><div class=\"swiper-slide\"><figure class=\"swiper-slide-inner\"><img decoding=\"async\" class=\"swiper-slide-image\" src=\"https:\/\/cpaboadilla.es\/wp-content\/uploads\/2023\/04\/Festival-Navidad-1.png\" alt=\"Festival Navidad 1\" \/><\/figure><\/div><div class=\"swiper-slide\"><figure class=\"swiper-slide-inner\"><img decoding=\"async\" class=\"swiper-slide-image\" src=\"https:\/\/cpaboadilla.es\/wp-content\/uploads\/2023\/04\/Festival-Navidad-3.png\" alt=\"Festival Navidad 3\" \/><\/figure><\/div><div class=\"swiper-slide\"><figure class=\"swiper-slide-inner\"><img decoding=\"async\" class=\"swiper-slide-image\" src=\"https:\/\/cpaboadilla.es\/wp-content\/uploads\/2023\/04\/Festival-Navidad-2.png\" alt=\"Festival Navidad 2\" \/><\/figure><\/div><div class=\"swiper-slide\"><figure class=\"swiper-slide-inner\"><img decoding=\"async\" class=\"swiper-slide-image\" src=\"https:\/\/cpaboadilla.es\/wp-content\/uploads\/2023\/04\/Festival-Navidad-4.png\" alt=\"Festival Navidad 4\" \/><\/figure><\/div>\t\t\t<\/div>\n\t\t\t\t\t\t\t\t\t\t\t\t<div class=\"swiper-pagination\"><\/div>\n\t\t\t\t\t\t\t\t\t\t\t\t\t<div class=\"elementor-swiper-button elementor-swiper-button-prev\">\n\t\t\t\t\t\t<i aria-hidden=\"true\" class=\"eicon-chevron-left\"><\/i>\t\t\t\t\t\t<span class=\"elementor-screen-only\">Anterior<\/span>\n\t\t\t\t\t<\/div>\n\t\t\t\t\t<div class=\"elementor-swiper-button elementor-swiper-button-next\">\n\t\t\t\t\t\t<i aria-hidden=\"true\" class=\"eicon-chevron-right\"><\/i>\t\t\t\t\t\t<span class=\"elementor-screen-only\">Siguiente<\/span>\n\t\t\t\t\t<\/div>\n\t\t\t\t\t\t\t\t\t<\/div>\n\t\t\t\t<\/div>\n\t\t\t\t<\/div>\n\t\t\t\t\t<\/div>\n\t\t<\/div>\n\t\t\t\t\t\t\t<\/div>\n\t\t<\/section>\n\t\t\t\t\t\t\t<\/div>\n\t\t","protected":false},"excerpt":{"rendered":"","protected":false},"author":1,"featured_media":0,"parent":0,"menu_order":0,"comment_status":"closed","ping_status":"closed","template":"","meta":{"footnotes":""},"class_list":["post-84","page","type-page","status-publish","hentry"],"yoast_head":"<!-- This site is optimized with the Yoast SEO plugin v20.5 - https:\/\/yoast.com\/wordpress\/plugins\/seo\/ -->\n<title>CPA Boadilla del Monte<\/title>\n<meta name=\"description\" content=\"Club Patinaje Art\u00edstico Boadilla del Monte. Para patinadores de todo los niveles desde escuela e iniciaci\u00f3n a competici\u00f3n. \u00a1Ven a conocernos!\" \/>\n<meta name=\"robots\" content=\"index, follow, max-snippet:-1, max-image-preview:large, max-video-preview:-1\" \/>\n<link rel=\"canonical\" href=\"https:\/\/cpaboadilla.es\/\" \/>\n<meta property=\"og:locale\" content=\"es_ES\" \/>\n<meta property=\"og:type\" content=\"article\" \/>\n<meta property=\"og:title\" content=\"CPA Boadilla del Monte\" \/>\n<meta property=\"og:description\" content=\"Club Patinaje Art\u00edstico Boadilla del Monte. Para patinadores de todo los niveles desde escuela e iniciaci\u00f3n a competici\u00f3n. \u00a1Ven a conocernos!\" \/>\n<meta property=\"og:url\" content=\"https:\/\/cpaboadilla.es\/\" \/>\n<meta property=\"og:site_name\" content=\"CPA Boadilla del Monte\" \/>\n<meta property=\"article:publisher\" content=\"https:\/\/www.facebook.com\/cpaboadilla\" \/>\n<meta property=\"article:modified_time\" content=\"2023-11-29T23:11:30+00:00\" \/>\n<meta property=\"og:image\" content=\"http:\/\/cpaboadilla.es\/wp-content\/uploads\/2023\/04\/Imagen-Club-1024x537.png\" \/>\n<meta name=\"twitter:card\" content=\"summary_large_image\" \/>\n<meta name=\"twitter:label1\" content=\"Tiempo de lectura\" \/>\n\t<meta name=\"twitter:data1\" content=\"1 minuto\" \/>\n<script type=\"application\/ld+json\" class=\"yoast-schema-graph\">{\"@context\":\"https:\/\/schema.org\",\"@graph\":[{\"@type\":\"WebPage\",\"@id\":\"https:\/\/cpaboadilla.es\/\",\"url\":\"https:\/\/cpaboadilla.es\/\",\"name\":\"CPA Boadilla del Monte\",\"isPartOf\":{\"@id\":\"https:\/\/cpaboadilla.es\/#website\"},\"datePublished\":\"2023-04-07T08:54:49+00:00\",\"dateModified\":\"2023-11-29T23:11:30+00:00\",\"description\":\"Club Patinaje Art\u00edstico Boadilla del Monte. Para patinadores de todo los niveles desde escuela e iniciaci\u00f3n a competici\u00f3n. \u00a1Ven a conocernos!\",\"breadcrumb\":{\"@id\":\"https:\/\/cpaboadilla.es\/#breadcrumb\"},\"inLanguage\":\"es\",\"potentialAction\":[{\"@type\":\"ReadAction\",\"target\":[\"https:\/\/cpaboadilla.es\/\"]}]},{\"@type\":\"BreadcrumbList\",\"@id\":\"https:\/\/cpaboadilla.es\/#breadcrumb\",\"itemListElement\":[{\"@type\":\"ListItem\",\"position\":1,\"name\":\"Portada\",\"item\":\"https:\/\/cpaboadilla.es\/\"},{\"@type\":\"ListItem\",\"position\":2,\"name\":\"Inicio\"}]},{\"@type\":\"WebSite\",\"@id\":\"https:\/\/cpaboadilla.es\/#website\",\"url\":\"https:\/\/cpaboadilla.es\/\",\"name\":\"CPA Boadilla del Monte\",\"description\":\"Club Patinaje Art\u00edstico Boadilla del Monte\",\"publisher\":{\"@id\":\"https:\/\/cpaboadilla.es\/#organization\"},\"potentialAction\":[{\"@type\":\"SearchAction\",\"target\":{\"@type\":\"EntryPoint\",\"urlTemplate\":\"https:\/\/cpaboadilla.es\/?s={search_term_string}\"},\"query-input\":\"required name=search_term_string\"}],\"inLanguage\":\"es\"},{\"@type\":\"Organization\",\"@id\":\"https:\/\/cpaboadilla.es\/#organization\",\"name\":\"CPA Boadilla del Monte\",\"url\":\"https:\/\/cpaboadilla.es\/\",\"logo\":{\"@type\":\"ImageObject\",\"inLanguage\":\"es\",\"@id\":\"https:\/\/cpaboadilla.es\/#\/schema\/logo\/image\/\",\"url\":\"https:\/\/cpaboadilla.es\/wp-content\/uploads\/2023\/04\/LOGO-CLUB-PATINAJE-BOADILLA.png\",\"contentUrl\":\"https:\/\/cpaboadilla.es\/wp-content\/uploads\/2023\/04\/LOGO-CLUB-PATINAJE-BOADILLA.png\",\"width\":700,\"height\":700,\"caption\":\"CPA Boadilla del Monte\"},\"image\":{\"@id\":\"https:\/\/cpaboadilla.es\/#\/schema\/logo\/image\/\"},\"sameAs\":[\"https:\/\/www.facebook.com\/cpaboadilla\",\"https:\/\/www.instagram.com\/cpaboadilla\"]}]}<\/script>\n<!-- \/ Yoast SEO plugin. -->","yoast_head_json":{"title":"CPA Boadilla del Monte","description":"Club Patinaje Art\u00edstico Boadilla del Monte. Para patinadores de todo los niveles desde escuela e iniciaci\u00f3n a competici\u00f3n. \u00a1Ven a conocernos!","robots":{"index":"index","follow":"follow","max-snippet":"max-snippet:-1","max-image-preview":"max-image-preview:large","max-video-preview":"max-video-preview:-1"},"canonical":"https:\/\/cpaboadilla.es\/","og_locale":"es_ES","og_type":"article","og_title":"CPA Boadilla del Monte","og_description":"Club Patinaje Art\u00edstico Boadilla del Monte. Para patinadores de todo los niveles desde escuela e iniciaci\u00f3n a competici\u00f3n. \u00a1Ven a conocernos!","og_url":"https:\/\/cpaboadilla.es\/","og_site_name":"CPA Boadilla del Monte","article_publisher":"https:\/\/www.facebook.com\/cpaboadilla","article_modified_time":"2023-11-29T23:11:30+00:00","og_image":[{"url":"http:\/\/cpaboadilla.es\/wp-content\/uploads\/2023\/04\/Imagen-Club-1024x537.png"}],"twitter_card":"summary_large_image","twitter_misc":{"Tiempo de lectura":"1 minuto"},"schema":{"@context":"https:\/\/schema.org","@graph":[{"@type":"WebPage","@id":"https:\/\/cpaboadilla.es\/","url":"https:\/\/cpaboadilla.es\/","name":"CPA Boadilla del Monte","isPartOf":{"@id":"https:\/\/cpaboadilla.es\/#website"},"datePublished":"2023-04-07T08:54:49+00:00","dateModified":"2023-11-29T23:11:30+00:00","description":"Club Patinaje Art\u00edstico Boadilla del Monte. Para patinadores de todo los niveles desde escuela e iniciaci\u00f3n a competici\u00f3n. \u00a1Ven a conocernos!","breadcrumb":{"@id":"https:\/\/cpaboadilla.es\/#breadcrumb"},"inLanguage":"es","potentialAction":[{"@type":"ReadAction","target":["https:\/\/cpaboadilla.es\/"]}]},{"@type":"BreadcrumbList","@id":"https:\/\/cpaboadilla.es\/#breadcrumb","itemListElement":[{"@type":"ListItem","position":1,"name":"Portada","item":"https:\/\/cpaboadilla.es\/"},{"@type":"ListItem","position":2,"name":"Inicio"}]},{"@type":"WebSite","@id":"https:\/\/cpaboadilla.es\/#website","url":"https:\/\/cpaboadilla.es\/","name":"CPA Boadilla del Monte","description":"Club Patinaje Art\u00edstico Boadilla del Monte","publisher":{"@id":"https:\/\/cpaboadilla.es\/#organization"},"potentialAction":[{"@type":"SearchAction","target":{"@type":"EntryPoint","urlTemplate":"https:\/\/cpaboadilla.es\/?s={search_term_string}"},"query-input":"required name=search_term_string"}],"inLanguage":"es"},{"@type":"Organization","@id":"https:\/\/cpaboadilla.es\/#organization","name":"CPA Boadilla del Monte","url":"https:\/\/cpaboadilla.es\/","logo":{"@type":"ImageObject","inLanguage":"es","@id":"https:\/\/cpaboadilla.es\/#\/schema\/logo\/image\/","url":"https:\/\/cpaboadilla.es\/wp-content\/uploads\/2023\/04\/LOGO-CLUB-PATINAJE-BOADILLA.png","contentUrl":"https:\/\/cpaboadilla.es\/wp-content\/uploads\/2023\/04\/LOGO-CLUB-PATINAJE-BOADILLA.png","width":700,"height":700,"caption":"CPA Boadilla del Monte"},"image":{"@id":"https:\/\/cpaboadilla.es\/#\/schema\/logo\/image\/"},"sameAs":["https:\/\/www.facebook.com\/cpaboadilla","https:\/\/www.instagram.com\/cpaboadilla"]}]}},"_links":{"self":[{"href":"https:\/\/cpaboadilla.es\/index.php\/wp-json\/wp\/v2\/pages\/84","targetHints":{"allow":["GET"]}}],"collection":[{"href":"https:\/\/cpaboadilla.es\/index.php\/wp-json\/wp\/v2\/pages"}],"about":[{"href":"https:\/\/cpaboadilla.es\/index.php\/wp-json\/wp\/v2\/types\/page"}],"author":[{"embeddable":true,"href":"https:\/\/cpaboadilla.es\/index.php\/wp-json\/wp\/v2\/users\/1"}],"replies":[{"embeddable":true,"href":"https:\/\/cpaboadilla.es\/index.php\/wp-json\/wp\/v2\/comments?post=84"}],"version-history":[{"count":110,"href":"https:\/\/cpaboadilla.es\/index.php\/wp-json\/wp\/v2\/pages\/84\/revisions"}],"predecessor-version":[{"id":488,"href":"https:\/\/cpaboadilla.es\/index.php\/wp-json\/wp\/v2\/pages\/84\/revisions\/488"}],"wp:attachment":[{"href":"https:\/\/cpaboadilla.es\/index.php\/wp-json\/wp\/v2\/media?parent=84"}],"curies":[{"name":"wp","href":"https:\/\/api.w.org\/{rel}","templated":true}]}}